{"id":10807,"date":"2024-07-06T11:52:48","date_gmt":"2024-07-06T10:52:48","guid":{"rendered":"https:\/\/www.broadway.ma\/?page_id=10807"},"modified":"2024-07-09T16:03:13","modified_gmt":"2024-07-09T15:03:13","slug":"privacy-policy","status":"publish","type":"page","link":"https:\/\/www.broadway.ma\/fr\/privacy-policy\/","title":{"rendered":"Privacy Policy"},"content":{"rendered":"<div data-elementor-type=\"wp-page\" data-elementor-id=\"10807\" class=\"elementor elementor-10807\" data-elementor-post-type=\"page\">\n\t\t\t\t\t\t<section class=\"has_eae_slider elementor-section elementor-top-section elementor-element elementor-element-f44c1b5 elementor-section-boxed elementor-section-height-default elementor-section-height-default\" data-eae-slider=\"72193\" data-id=\"f44c1b5\" data-element_type=\"section\" data-settings=\"{&quot;background_background&quot;:&quot;classic&quot;}\">\n\t\t\t\t\t\t<div class=\"elementor-container elementor-column-gap-default\">\n\t\t\t\t\t<div class=\"has_eae_slider elementor-column elementor-col-100 elementor-top-column elementor-element elementor-element-0f84588\" data-eae-slider=\"51397\" data-id=\"0f84588\" data-element_type=\"column\">\n\t\t\t<div class=\"elementor-widget-wrap elementor-element-populated\">\n\t\t\t\t\t\t<div class=\"elementor-element elementor-element-deefa70 elementor-widget elementor-widget-heading\" data-id=\"deefa70\" data-element_type=\"widget\" data-widget_type=\"heading.default\">\n\t\t\t\t<div class=\"elementor-widget-container\">\n\t\t\t\t\t<h1 class=\"elementor-heading-title elementor-size-default\"><span style=\"color: #ffcc00\">#<\/span>D\u00c9CLARATION DE CONFIDENTIALIT\u00c9\n<\/h1>\t\t\t\t<\/div>\n\t\t\t\t<\/div>\n\t\t\t\t<div class=\"elementor-element elementor-element-06fcd8d elementor-widget__width-initial elementor-widget elementor-widget-text-editor\" data-id=\"06fcd8d\" data-element_type=\"widget\" data-widget_type=\"text-editor.default\">\n\t\t\t\t<div class=\"elementor-widget-container\">\n\t\t\t\t\t\t\t\t\t<h2><span style=\"color: #ffffff;\"><strong>Traitement des donn\u00e9es \u00e0 caract\u00e8re personnel<\/strong><\/span><\/h2>\n<p>Cette d\u00e9claration d\u00e9crit comment Broadway Productions BV, dont le si\u00e8ge social est situ\u00e9 Harentstraat 17, 2820 Bonheiden (Belgique) et dont le num\u00e9ro d'entreprise est 0747.599.091 - et - Broadway Productions SARL, dont le si\u00e8ge social est situ\u00e9 345 Al Massar Route De Safi, 40100 Marrakech (Maroc) et dont le num\u00e9ro d'identification est ICE 002983250000080, traite vos donn\u00e9es \u00e0 caract\u00e8re personnel dans le cadre de ses activit\u00e9s.<br>Nous visons \u00e0 traiter vos donn\u00e9es personnelles conform\u00e9ment au r\u00e8glement (UE) 2016\/679 du Parlement europ\u00e9en et du Conseil du 27 avril 2016 relatif \u00e0 la protection des personnes physiques \u00e0 l'\u00e9gard du traitement des donn\u00e9es \u00e0 caract\u00e8re personnel et \u00e0 la libre circulation de ces donn\u00e9es, et abrogeant la directive 95\/46\/CE (r\u00e8glement g\u00e9n\u00e9ral sur la protection des donn\u00e9es).<\/p>\n<h1><span style=\"color: #ffffff;\"><strong>Le traitement<\/strong><\/span><\/h1>\n<p><strong>1. Gestion de la client\u00e8le<\/strong><br>La gestion de la client\u00e8le concerne notre relation avec toute personne qui nous contacte au sujet de nos services de production.<br>Les donn\u00e9es personnelles suivantes sont trait\u00e9es dans le cadre de la gestion de la client\u00e8le :<\/p>\n<ul>\n<li><span style=\"font-size: 16px;\">D\u00e9tails sur votre profil et votre projet<\/span><br><\/li>\n<li>Les donn\u00e9es personnelles sont re\u00e7ues directement de vous et peuvent \u00eatre compl\u00e9t\u00e9es par des donn\u00e9es personnelles obtenues \u00e0 partir de sources publiques (par exemple, votre site web, les m\u00e9dias sociaux, etc.).<\/li>\n<\/ul>\n<p><strong>2. Casting de talents <\/strong><br>Le casting de talents concerne notre relation avec les personnes qui soumettent leurs informations en vue d'un casting pour divers projets.<br>Les donn\u00e9es \u00e0 caract\u00e8re personnel suivantes sont trait\u00e9es dans le cadre du casting de talents :<\/p>\n<ul>\n<li>Coordonn\u00e9es de la personne \u00e0 contacter<\/li>\n<li>Exp\u00e9rience professionnelle<\/li>\n<li>Caract\u00e9ristiques physiques<\/li>\n<li>Images et enregistrements vid\u00e9o<\/li>\n<li>Les donn\u00e9es personnelles sont re\u00e7ues directement de vous et peuvent \u00eatre compl\u00e9t\u00e9es par des donn\u00e9es personnelles obtenues \u00e0 partir de sources publiques (par exemple, votre site web, les m\u00e9dias sociaux, etc.).<\/li>\n<\/ul>\n<p><strong>3. Location de mat\u00e9riel <\/strong><br>La location de mat\u00e9riel concerne notre relation avec toute personne qui nous loue du mat\u00e9riel audiovisuel.<br>Les donn\u00e9es personnelles suivantes sont trait\u00e9es dans le cadre de la location de mat\u00e9riel :<\/p>\n<ul>\n<li>Donn\u00e9es d'identification<\/li>\n<li>Donn\u00e9es financi\u00e8res (d\u00e9tails de paiement)<\/li>\n<li>Les donn\u00e9es personnelles sont re\u00e7ues directement de vous ou de votre entreprise et peuvent \u00eatre compl\u00e9t\u00e9es par des donn\u00e9es personnelles obtenues \u00e0 partir de sources publiques (par exemple, votre site web, les m\u00e9dias sociaux, etc.).<\/li>\n<\/ul>\n<p>4. Respect des obligations l\u00e9gales (obligation l\u00e9gale)<br>Dans le cadre des obligations l\u00e9gales qui nous incombent, il peut \u00eatre n\u00e9cessaire de traiter certaines donn\u00e9es \u00e0 caract\u00e8re personnel.<br>Nous traitons les donn\u00e9es personnelles suivantes pour nous conformer aux obligations l\u00e9gales :<\/p>\n<ul>\n<li>Donn\u00e9es d'identification<\/li>\n<li>Donn\u00e9es financi\u00e8res (d\u00e9tails de paiement)<\/li>\n<\/ul>\n<p><b>5. Gestion des plaintes et des litiges (int\u00e9r\u00eats l\u00e9gitimes)<br><\/b>Si nous recevons une plainte de votre part ou si nous sommes impliqu\u00e9s dans un litige avec vous, nous traiterons les donn\u00e9es \u00e0 caract\u00e8re personnel qui sont n\u00e9cessaires ou utiles dans le cadre du traitement de cette plainte.<br>Nous traitons les donn\u00e9es personnelles suivantes dans le cadre de la gestion des plaintes et des litiges :<\/p>\n<ul>\n<li>Donn\u00e9es d'identification<\/li>\n<li>Donn\u00e9es financi\u00e8res (d\u00e9tails de paiement)<\/li>\n<li>les informations compl\u00e9mentaires dont nous disposons d\u00e9j\u00e0 \u00e0 d'autres titres ou que vous nous fournissez dans le cadre d'une plainte ou d'un litige.<\/li>\n<\/ul>\n<p><strong>Destinataires de vos donn\u00e9es personnelles :<\/strong><br>Nous partageons vos donn\u00e9es personnelles avec un nombre limit\u00e9 d'autres parties dans certaines circonstances :<\/p>\n<ul>\n<li>Les banques, les compagnies d'assurance et d'autres partenaires pour effectuer des paiements.<\/li>\n<li>Les autorit\u00e9s gouvernementales dans le cadre des obligations l\u00e9gales.<\/li>\n<li>Nos conseillers professionnels, avocats et huissiers de justice, dans la mesure o\u00f9 leur assistance est n\u00e9cessaire.<\/li>\n<li>les sous-traitants techniques, tels que l'h\u00e9bergement de sites web et de fichiers, \u00e0 condition que les accords de traitement n\u00e9cessaires soient mis en \u0153uvre.<\/li>\n<li>Dans le cadre de nos activit\u00e9s artistiques et culturelles, nous partageons des donn\u00e9es personnelles avec des partenaires de production et d'exploitation, des acheteurs potentiels de productions, des m\u00e9dias (sociaux), des canaux de distribution, etc.<\/li>\n<\/ul>\n<p><strong>S\u00e9curit\u00e9 du traitement :<\/strong><br>Nous avons d\u00e9velopp\u00e9 une protection appropri\u00e9e des donn\u00e9es personnelles que nous traitons. Aucun syst\u00e8me d'information ne peut garantir la s\u00e9curit\u00e9 de 100%. Nous nous effor\u00e7ons d'am\u00e9liorer en permanence la s\u00e9curit\u00e9 de nos syst\u00e8mes. Vous jouez \u00e9galement un r\u00f4le important dans la s\u00e9curit\u00e9 de vos donn\u00e9es personnelles en gardant les informations de votre compte confidentielles et s\u00e9curis\u00e9es de mani\u00e8re ad\u00e9quate.<\/p>\n<p><strong>Vos droits :<\/strong><br>Le r\u00e8glement g\u00e9n\u00e9ral sur la protection des donn\u00e9es vous accorde un certain nombre de droits en ce qui concerne vos donn\u00e9es personnelles :<\/p>\n<ul>\n<li>Le droit d'acc\u00e8s et de rectification de vos donn\u00e9es personnelles.<\/li>\n<li>Le droit d'opposition au traitement de vos donn\u00e9es personnelles \u00e0 des fins de marketing direct et le droit g\u00e9n\u00e9ral d'opposition fond\u00e9 sur des circonstances propres \u00e0 votre situation sp\u00e9cifique.<\/li>\n<li>Le droit de restreindre le traitement de vos donn\u00e9es personnelles et le droit \u00e0 l'effacement (\"droit \u00e0 l'oubli\").<\/li>\n<li>Le droit de retirer son consentement \u00e0 tout moment.<\/li>\n<li>Le droit \u00e0 la portabilit\u00e9 des donn\u00e9es.<\/li>\n<li>Le droit de d\u00e9poser une plainte aupr\u00e8s de l'autorit\u00e9 de contr\u00f4le (au Maroc, il s'agit de l'Autorit\u00e9 de protection des donn\u00e9es).<\/li>\n<\/ul>\n<p>L'exercice de ces droits peut \u00eatre soumis \u00e0 des conditions l\u00e9gales. Cela signifie que, selon votre situation sp\u00e9cifique, vous pouvez ou non invoquer certains de ces droits. En particulier, nous attirons votre attention sur les exceptions applicables au traitement \u00e0 des fins journalistiques et \u00e0 des fins d'expression acad\u00e9mique, artistique ou litt\u00e9raire.<\/p>\n<p>Si nous avons des doutes raisonnables sur votre identit\u00e9, nous nous r\u00e9servons le droit de la v\u00e9rifier. Si vous souhaitez d\u00e9poser une plainte, veuillez d'abord nous contacter afin de trouver une solution rapide \u00e0 l'amiable.<\/p>\n<p><strong>Comment nous contacter ?<\/strong> <br>Vous pouvez toujours nous contacter via les coordonn\u00e9es ci-dessous :<br><span style=\"font-size: 16px;\">Courriel : info@broadway.be ou info@broadway.ma<\/span><\/p>\n<p><strong>Amendements :<br><\/strong>&nbsp;Nous nous r\u00e9servons le droit de modifier cette d\u00e9claration de temps \u00e0 autre, auquel cas nous publierons la version modifi\u00e9e sur notre site web. Veuillez consulter r\u00e9guli\u00e8rement la pr\u00e9sente d\u00e9claration de confidentialit\u00e9 afin de toujours disposer de la version la plus r\u00e9cente.<\/p>\t\t\t\t\t\t\t\t<\/div>\n\t\t\t\t<\/div>\n\t\t\t\t\t<\/div>\n\t\t<\/div>\n\t\t\t\t\t<\/div>\n\t\t<\/section>\n\t\t\t\t<\/div>","protected":false},"excerpt":{"rendered":"<p>#PRIVACY STATEMENT Processing of personal data This statement describes how Broadway Productions BV, with registered office at Harentstraat 17, 2820 Bonheiden (Belgium) and with company number 0747.599,091 &#8211; and &#8211; Broadway Productions SARL, with registered office at 345 Al Massar Route De Safi, 40100 Marrakech (Maroc) and identification number ICE 002983250000080, processes your personal data [&hellip;]<\/p>","protected":false},"author":3,"featured_media":9718,"parent":0,"menu_order":0,"comment_status":"closed","ping_status":"closed","template":"","meta":{"_acf_changed":false,"om_disable_all_campaigns":false,"_monsterinsights_skip_tracking":false,"_monsterinsights_sitenote_active":false,"_monsterinsights_sitenote_note":"","_monsterinsights_sitenote_category":0,"_uf_show_specific_survey":0,"_uf_disable_surveys":false,"ocean_post_layout":"full-screen","ocean_both_sidebars_style":"","ocean_both_sidebars_content_width":0,"ocean_both_sidebars_sidebars_width":0,"ocean_sidebar":"0","ocean_second_sidebar":"0","ocean_disable_margins":"enable","ocean_add_body_class":"","ocean_shortcode_before_top_bar":"","ocean_shortcode_after_top_bar":"","ocean_shortcode_before_header":"","ocean_shortcode_after_header":"","ocean_has_shortcode":"","ocean_shortcode_after_title":"","ocean_shortcode_before_footer_widgets":"","ocean_shortcode_after_footer_widgets":"","ocean_shortcode_before_footer_bottom":"","ocean_shortcode_after_footer_bottom":"","ocean_display_top_bar":"default","ocean_display_header":"default","ocean_header_style":"","ocean_center_header_left_menu":"0","ocean_custom_header_template":"0","ocean_custom_logo":0,"ocean_custom_retina_logo":0,"ocean_custom_logo_max_width":0,"ocean_custom_logo_tablet_max_width":0,"ocean_custom_logo_mobile_max_width":0,"ocean_custom_logo_max_height":0,"ocean_custom_logo_tablet_max_height":0,"ocean_custom_logo_mobile_max_height":0,"ocean_header_custom_menu":"0","ocean_menu_typo_font_family":"0","ocean_menu_typo_font_subset":"","ocean_menu_typo_font_size":0,"ocean_menu_typo_font_size_tablet":0,"ocean_menu_typo_font_size_mobile":0,"ocean_menu_typo_font_size_unit":"px","ocean_menu_typo_font_weight":"","ocean_menu_typo_font_weight_tablet":"","ocean_menu_typo_font_weight_mobile":"","ocean_menu_typo_transform":"","ocean_menu_typo_transform_tablet":"","ocean_menu_typo_transform_mobile":"","ocean_menu_typo_line_height":0,"ocean_menu_typo_line_height_tablet":0,"ocean_menu_typo_line_height_mobile":0,"ocean_menu_typo_line_height_unit":"","ocean_menu_typo_spacing":0,"ocean_menu_typo_spacing_tablet":0,"ocean_menu_typo_spacing_mobile":0,"ocean_menu_typo_spacing_unit":"","ocean_menu_link_color":"","ocean_menu_link_color_hover":"","ocean_menu_link_color_active":"","ocean_menu_link_background":"","ocean_menu_link_hover_background":"","ocean_menu_link_active_background":"","ocean_menu_social_links_bg":"","ocean_menu_social_hover_links_bg":"","ocean_menu_social_links_color":"","ocean_menu_social_hover_links_color":"","ocean_disable_title":"on","ocean_disable_heading":"default","ocean_post_title":"","ocean_post_subheading":"","ocean_post_title_style":"","ocean_post_title_background_color":"","ocean_post_title_background":0,"ocean_post_title_bg_image_position":"","ocean_post_title_bg_image_attachment":"","ocean_post_title_bg_image_repeat":"","ocean_post_title_bg_image_size":"","ocean_post_title_height":0,"ocean_post_title_bg_overlay":0.5,"ocean_post_title_bg_overlay_color":"","ocean_disable_breadcrumbs":"off","ocean_breadcrumbs_color":"","ocean_breadcrumbs_separator_color":"","ocean_breadcrumbs_links_color":"","ocean_breadcrumbs_links_hover_color":"","ocean_display_footer_widgets":"default","ocean_display_footer_bottom":"default","ocean_custom_footer_template":"0","footnotes":""},"class_list":["post-10807","page","type-page","status-publish","has-post-thumbnail","hentry","entry","has-media"],"acf":[],"yoast_head":"<!-- This site is optimized with the Yoast SEO Premium plugin v26.0 (Yoast SEO v26.0) - https:\/\/yoast.com\/wordpress\/plugins\/seo\/ -->\n<title>Privacy Policy - Broadway Productions<\/title>\n<meta name=\"robots\" content=\"index, follow, max-snippet:-1, max-image-preview:large, max-video-preview:-1\" \/>\n<link rel=\"canonical\" href=\"https:\/\/www.broadway.ma\/fr\/privacy-policy\/\" \/>\n<meta property=\"og:locale\" content=\"fr_FR\" \/>\n<meta property=\"og:type\" content=\"article\" \/>\n<meta property=\"og:title\" content=\"Video production agency - Meet our team - Broadway Productions\" \/>\n<meta property=\"og:description\" content=\"Meet our creative production team and enhance your brand. We turn ideas into compelling content, delivering projects on time and budget.\" \/>\n<meta property=\"og:url\" content=\"https:\/\/www.broadway.ma\/fr\/privacy-policy\/\" \/>\n<meta property=\"og:site_name\" content=\"Broadway Productions\" \/>\n<meta property=\"article:publisher\" content=\"https:\/\/www.facebook.com\/broadway.productions.LLC\" \/>\n<meta property=\"article:modified_time\" content=\"2024-07-09T15:03:13+00:00\" \/>\n<meta property=\"og:image\" content=\"https:\/\/www.broadway.ma\/wp-content\/uploads\/2024\/01\/Frame-6-2.png\" \/>\n\t<meta property=\"og:image:width\" content=\"314\" \/>\n\t<meta property=\"og:image:height\" content=\"200\" \/>\n\t<meta property=\"og:image:type\" content=\"image\/png\" \/>\n<meta name=\"twitter:card\" content=\"summary_large_image\" \/>\n<meta name=\"twitter:title\" content=\"Privacy Policy\" \/>\n<meta name=\"twitter:label1\" content=\"Dur\u00e9e de lecture estim\u00e9e\" \/>\n\t<meta name=\"twitter:data1\" content=\"4 minutes\" \/>\n<script type=\"application\/ld+json\" class=\"yoast-schema-graph\">{\"@context\":\"https:\/\/schema.org\",\"@graph\":[{\"@type\":\"WebPage\",\"@id\":\"https:\/\/www.broadway.ma\/privacy-policy\/\",\"url\":\"https:\/\/www.broadway.ma\/privacy-policy\/\",\"name\":\"Privacy Policy - Broadway Productions\",\"isPartOf\":{\"@id\":\"https:\/\/www.broadway.ma\/#website\"},\"primaryImageOfPage\":{\"@id\":\"https:\/\/www.broadway.ma\/privacy-policy\/#primaryimage\"},\"image\":{\"@id\":\"https:\/\/www.broadway.ma\/privacy-policy\/#primaryimage\"},\"thumbnailUrl\":\"https:\/\/www.broadway.ma\/wp-content\/uploads\/2024\/04\/Broadway_SocialMedia_icon.png\",\"datePublished\":\"2024-07-06T10:52:48+00:00\",\"dateModified\":\"2024-07-09T15:03:13+00:00\",\"breadcrumb\":{\"@id\":\"https:\/\/www.broadway.ma\/privacy-policy\/#breadcrumb\"},\"inLanguage\":\"fr-FR\",\"potentialAction\":[{\"@type\":\"ReadAction\",\"target\":[\"https:\/\/www.broadway.ma\/privacy-policy\/\"]}]},{\"@type\":\"ImageObject\",\"inLanguage\":\"fr-FR\",\"@id\":\"https:\/\/www.broadway.ma\/privacy-policy\/#primaryimage\",\"url\":\"https:\/\/www.broadway.ma\/wp-content\/uploads\/2024\/04\/Broadway_SocialMedia_icon.png\",\"contentUrl\":\"https:\/\/www.broadway.ma\/wp-content\/uploads\/2024\/04\/Broadway_SocialMedia_icon.png\",\"width\":1000,\"height\":1000,\"caption\":\"Broadway_SocialMedia_icon\"},{\"@type\":\"BreadcrumbList\",\"@id\":\"https:\/\/www.broadway.ma\/privacy-policy\/#breadcrumb\",\"itemListElement\":[{\"@type\":\"ListItem\",\"position\":1,\"name\":\"Home\",\"item\":\"https:\/\/www.broadway.ma\/\"},{\"@type\":\"ListItem\",\"position\":2,\"name\":\"Privacy Policy\"}]},{\"@type\":\"WebSite\",\"@id\":\"https:\/\/www.broadway.ma\/#website\",\"url\":\"https:\/\/www.broadway.ma\/\",\"name\":\"Broadway Productions\",\"description\":\"full service production agency\",\"publisher\":{\"@id\":\"https:\/\/www.broadway.ma\/#organization\"},\"potentialAction\":[{\"@type\":\"SearchAction\",\"target\":{\"@type\":\"EntryPoint\",\"urlTemplate\":\"https:\/\/www.broadway.ma\/?s={search_term_string}\"},\"query-input\":{\"@type\":\"PropertyValueSpecification\",\"valueRequired\":true,\"valueName\":\"search_term_string\"}}],\"inLanguage\":\"fr-FR\"},{\"@type\":\"Organization\",\"@id\":\"https:\/\/www.broadway.ma\/#organization\",\"name\":\"Broadway Productions\",\"url\":\"https:\/\/www.broadway.ma\/\",\"logo\":{\"@type\":\"ImageObject\",\"inLanguage\":\"fr-FR\",\"@id\":\"https:\/\/www.broadway.ma\/#\/schema\/logo\/image\/\",\"url\":\"\",\"contentUrl\":\"\",\"caption\":\"Broadway Productions\"},\"image\":{\"@id\":\"https:\/\/www.broadway.ma\/#\/schema\/logo\/image\/\"},\"sameAs\":[\"https:\/\/www.facebook.com\/broadway.productions.LLC\",\"https:\/\/www.instagram.com\/broadway_pro\/\"]}]}<\/script>\n<!-- \/ Yoast SEO Premium plugin. -->","yoast_head_json":{"title":"Privacy Policy - Broadway Productions","robots":{"index":"index","follow":"follow","max-snippet":"max-snippet:-1","max-image-preview":"max-image-preview:large","max-video-preview":"max-video-preview:-1"},"canonical":"https:\/\/www.broadway.ma\/fr\/privacy-policy\/","og_locale":"fr_FR","og_type":"article","og_title":"Video production agency - Meet our team - Broadway Productions","og_description":"Meet our creative production team and enhance your brand. We turn ideas into compelling content, delivering projects on time and budget.","og_url":"https:\/\/www.broadway.ma\/fr\/privacy-policy\/","og_site_name":"Broadway Productions","article_publisher":"https:\/\/www.facebook.com\/broadway.productions.LLC","article_modified_time":"2024-07-09T15:03:13+00:00","og_image":[{"width":314,"height":200,"url":"https:\/\/www.broadway.ma\/wp-content\/uploads\/2024\/01\/Frame-6-2.png","type":"image\/png"}],"twitter_card":"summary_large_image","twitter_title":"Privacy Policy","twitter_misc":{"Dur\u00e9e de lecture estim\u00e9e":"4 minutes"},"schema":{"@context":"https:\/\/schema.org","@graph":[{"@type":"WebPage","@id":"https:\/\/www.broadway.ma\/privacy-policy\/","url":"https:\/\/www.broadway.ma\/privacy-policy\/","name":"Privacy Policy - Broadway Productions","isPartOf":{"@id":"https:\/\/www.broadway.ma\/#website"},"primaryImageOfPage":{"@id":"https:\/\/www.broadway.ma\/privacy-policy\/#primaryimage"},"image":{"@id":"https:\/\/www.broadway.ma\/privacy-policy\/#primaryimage"},"thumbnailUrl":"https:\/\/www.broadway.ma\/wp-content\/uploads\/2024\/04\/Broadway_SocialMedia_icon.png","datePublished":"2024-07-06T10:52:48+00:00","dateModified":"2024-07-09T15:03:13+00:00","breadcrumb":{"@id":"https:\/\/www.broadway.ma\/privacy-policy\/#breadcrumb"},"inLanguage":"fr-FR","potentialAction":[{"@type":"ReadAction","target":["https:\/\/www.broadway.ma\/privacy-policy\/"]}]},{"@type":"ImageObject","inLanguage":"fr-FR","@id":"https:\/\/www.broadway.ma\/privacy-policy\/#primaryimage","url":"https:\/\/www.broadway.ma\/wp-content\/uploads\/2024\/04\/Broadway_SocialMedia_icon.png","contentUrl":"https:\/\/www.broadway.ma\/wp-content\/uploads\/2024\/04\/Broadway_SocialMedia_icon.png","width":1000,"height":1000,"caption":"Broadway_SocialMedia_icon"},{"@type":"BreadcrumbList","@id":"https:\/\/www.broadway.ma\/privacy-policy\/#breadcrumb","itemListElement":[{"@type":"ListItem","position":1,"name":"Home","item":"https:\/\/www.broadway.ma\/"},{"@type":"ListItem","position":2,"name":"Privacy Policy"}]},{"@type":"WebSite","@id":"https:\/\/www.broadway.ma\/#website","url":"https:\/\/www.broadway.ma\/","name":"Broadway Productions","description":"agence de production compl\u00e8te","publisher":{"@id":"https:\/\/www.broadway.ma\/#organization"},"potentialAction":[{"@type":"SearchAction","target":{"@type":"EntryPoint","urlTemplate":"https:\/\/www.broadway.ma\/?s={search_term_string}"},"query-input":{"@type":"PropertyValueSpecification","valueRequired":true,"valueName":"search_term_string"}}],"inLanguage":"fr-FR"},{"@type":"Organization","@id":"https:\/\/www.broadway.ma\/#organization","name":"Broadway Productions","url":"https:\/\/www.broadway.ma\/","logo":{"@type":"ImageObject","inLanguage":"fr-FR","@id":"https:\/\/www.broadway.ma\/#\/schema\/logo\/image\/","url":"","contentUrl":"","caption":"Broadway Productions"},"image":{"@id":"https:\/\/www.broadway.ma\/#\/schema\/logo\/image\/"},"sameAs":["https:\/\/www.facebook.com\/broadway.productions.LLC","https:\/\/www.instagram.com\/broadway_pro\/"]}]}},"rttpg_featured_image_url":{"full":["https:\/\/www.broadway.ma\/wp-content\/uploads\/2024\/04\/Broadway_SocialMedia_icon.png",1000,1000,false],"landscape":["https:\/\/www.broadway.ma\/wp-content\/uploads\/2024\/04\/Broadway_SocialMedia_icon.png",1000,1000,false],"portraits":["https:\/\/www.broadway.ma\/wp-content\/uploads\/2024\/04\/Broadway_SocialMedia_icon.png",1000,1000,false],"thumbnail":["https:\/\/www.broadway.ma\/wp-content\/uploads\/2024\/04\/Broadway_SocialMedia_icon-150x150.png",150,150,true],"medium":["https:\/\/www.broadway.ma\/wp-content\/uploads\/2024\/04\/Broadway_SocialMedia_icon-300x300.png",300,300,true],"large":["https:\/\/www.broadway.ma\/wp-content\/uploads\/2024\/04\/Broadway_SocialMedia_icon.png",1000,1000,false],"1536x1536":["https:\/\/www.broadway.ma\/wp-content\/uploads\/2024\/04\/Broadway_SocialMedia_icon.png",1000,1000,false],"2048x2048":["https:\/\/www.broadway.ma\/wp-content\/uploads\/2024\/04\/Broadway_SocialMedia_icon.png",1000,1000,false],"trp-custom-language-flag":["https:\/\/www.broadway.ma\/wp-content\/uploads\/2024\/04\/Broadway_SocialMedia_icon.png",12,12,false],"ocean-thumb-m":["https:\/\/www.broadway.ma\/wp-content\/uploads\/2024\/04\/Broadway_SocialMedia_icon-600x600.png",600,600,true],"ocean-thumb-ml":["https:\/\/www.broadway.ma\/wp-content\/uploads\/2024\/04\/Broadway_SocialMedia_icon-800x450.png",800,450,true],"ocean-thumb-l":["https:\/\/www.broadway.ma\/wp-content\/uploads\/2024\/04\/Broadway_SocialMedia_icon-1000x700.png",1000,700,true]},"rttpg_author":{"display_name":"broadwayproductions","author_link":"https:\/\/www.broadway.ma\/fr\/author\/broadwayproductions\/"},"rttpg_comment":0,"rttpg_category":null,"rttpg_excerpt":"#PRIVACY STATEMENT Processing of personal data This statement describes how Broadway Productions BV, with registered office at Harentstraat 17, 2820 Bonheiden (Belgium) and with company number 0747.599,091 &#8211; and &#8211; Broadway Productions SARL, with registered office at 345 Al Massar Route De Safi, 40100 Marrakech (Maroc) and identification number ICE 002983250000080, processes your personal data\u2026","_links":{"self":[{"href":"https:\/\/www.broadway.ma\/fr\/wp-json\/wp\/v2\/pages\/10807","targetHints":{"allow":["GET"]}}],"collection":[{"href":"https:\/\/www.broadway.ma\/fr\/wp-json\/wp\/v2\/pages"}],"about":[{"href":"https:\/\/www.broadway.ma\/fr\/wp-json\/wp\/v2\/types\/page"}],"author":[{"embeddable":true,"href":"https:\/\/www.broadway.ma\/fr\/wp-json\/wp\/v2\/users\/3"}],"replies":[{"embeddable":true,"href":"https:\/\/www.broadway.ma\/fr\/wp-json\/wp\/v2\/comments?post=10807"}],"version-history":[{"count":38,"href":"https:\/\/www.broadway.ma\/fr\/wp-json\/wp\/v2\/pages\/10807\/revisions"}],"predecessor-version":[{"id":10878,"href":"https:\/\/www.broadway.ma\/fr\/wp-json\/wp\/v2\/pages\/10807\/revisions\/10878"}],"wp:featuredmedia":[{"embeddable":true,"href":"https:\/\/www.broadway.ma\/fr\/wp-json\/wp\/v2\/media\/9718"}],"wp:attachment":[{"href":"https:\/\/www.broadway.ma\/fr\/wp-json\/wp\/v2\/media?parent=10807"}],"curies":[{"name":"wp","href":"https:\/\/api.w.org\/{rel}","templated":true}]}}